{"id":89,"date":"2020-07-15T09:43:00","date_gmt":"2020-07-15T09:43:00","guid":{"rendered":"http:\/\/wp.hofgut-bodelshofen.de\/?page_id=89"},"modified":"2021-08-16T10:11:57","modified_gmt":"2021-08-16T10:11:57","slug":"ueber-das-hofgut","status":"publish","type":"page","link":"http:\/\/www.hofgut-bodelshofen.de\/?page_id=89","title":{"rendered":"\u00dcber das Hofgut"},"content":{"rendered":"<p>[et_pb_section fb_built=&#8220;1&#8243; fullwidth=&#8220;on&#8220; admin_label=&#8220;Hero Section&#8220; _builder_version=&#8220;4.5.1&#8243; background_image=&#8220;http:\/\/wp.hofgut-bodelshofen.de\/wp-content\/uploads\/2020\/07\/1Y3A8634_web.jpg&#8220; global_colors_info=&#8220;{}&#8220;][et_pb_fullwidth_header text_orientation=&#8220;right&#8220; background_overlay_color=&#8220;rgba(0,0,0,0)&#8220; content_max_width=&#8220;550px&#8220; _builder_version=&#8220;4.5.1&#8243; title_font=&#8220;Poppins|700||on|||||&#8220; title_text_color=&#8220;#edbb5f&#8220; title_font_size=&#8220;14px&#8220; title_letter_spacing=&#8220;2px&#8220; title_line_height=&#8220;1.8em&#8220; subhead_font=&#8220;Playfair Display|700||on|||||&#8220; subhead_font_size=&#8220;48px&#8220; subhead_line_height=&#8220;1.4em&#8220; background_enable_color=&#8220;off&#8220; background_enable_image=&#8220;off&#8220; parallax=&#8220;on&#8220; parallax_method=&#8220;on&#8220; custom_button_one=&#8220;on&#8220; button_one_border_width=&#8220;1px&#8220; button_one_border_color=&#8220;rgba(255,255,255,0.3)&#8220; button_one_border_radius=&#8220;0px&#8220; button_one_letter_spacing=&#8220;1px&#8220; button_one_font=&#8220;Saira Extra Condensed|600||on|||||&#8220; button_one_icon=&#8220;%%3%%&#8220; button_one_icon_color=&#8220;#edbb5f&#8220; custom_button_two=&#8220;on&#8220; button_two_border_width=&#8220;1px&#8220; button_two_border_color=&#8220;rgba(255,255,255,0.3)&#8220; button_two_border_radius=&#8220;0px&#8220; button_two_letter_spacing=&#8220;1px&#8220; button_two_font=&#8220;Saira Extra Condensed|600||on|||||&#8220; button_two_icon=&#8220;%%3%%&#8220; button_two_icon_color=&#8220;#edbb5f&#8220; module_alignment=&#8220;right&#8220; custom_margin=&#8220;|||&#8220; custom_padding=&#8220;8%||260px|&#8220; border_color_all_image=&#8220;rgba(0,0,0,0)&#8220; button_one_text_color_hover=&#8220;#edbb5f&#8220; button_two_text_color_hover=&#8220;#edbb5f&#8220; button_one_bg_color_hover=&#8220;rgba(0,0,0,0)&#8220; button_two_bg_color_hover=&#8220;rgba(0,0,0,0)&#8220; global_colors_info=&#8220;{}&#8220; button_one_text_size__hover_enabled=&#8220;off&#8220; button_two_text_size__hover_enabled=&#8220;off&#8220; button_one_text_color__hover_enabled=&#8220;on&#8220; button_one_text_color__hover=&#8220;#edbb5f&#8220; button_two_text_color__hover_enabled=&#8220;on&#8220; button_two_text_color__hover=&#8220;#edbb5f&#8220; button_one_border_width__hover_enabled=&#8220;off&#8220; button_two_border_width__hover_enabled=&#8220;off&#8220; button_one_border_color__hover_enabled=&#8220;off&#8220; button_two_border_color__hover_enabled=&#8220;off&#8220; button_one_border_radius__hover_enabled=&#8220;off&#8220; button_two_border_radius__hover_enabled=&#8220;off&#8220; button_one_letter_spacing__hover_enabled=&#8220;off&#8220; button_two_letter_spacing__hover_enabled=&#8220;off&#8220; button_one_bg_color__hover_enabled=&#8220;on&#8220; button_one_bg_color__hover=&#8220;rgba(0,0,0,0)&#8220; button_two_bg_color__hover_enabled=&#8220;on&#8220; button_two_bg_color__hover=&#8220;rgba(0,0,0,0)&#8220;][\/et_pb_fullwidth_header][\/et_pb_section][et_pb_section fb_built=&#8220;1&#8243; _builder_version=&#8220;4.5.1&#8243; _module_preset=&#8220;default&#8220; background_color=&#8220;#14265d&#8220; max_height=&#8220;100px&#8220; custom_margin=&#8220;0px||0px||false|false&#8220; custom_padding=&#8220;0px||0px||false|false&#8220; global_module=&#8220;127&#8243; saved_tabs=&#8220;all&#8220; global_colors_info=&#8220;{}&#8220;][et_pb_row _builder_version=&#8220;4.5.1&#8243; _module_preset=&#8220;default&#8220; custom_padding=&#8220;5px||5px||false|false&#8220; global_colors_info=&#8220;{}&#8220;][et_pb_column type=&#8220;4_4&#8243; _builder_version=&#8220;4.5.1&#8243; _module_preset=&#8220;default&#8220; global_colors_info=&#8220;{}&#8220;][et_pb_menu menu_style=&#8220;centered&#8220; submenu_direction=&#8220;downwards&#8220; active_link_color=&#8220;#ffffff&#8220; _builder_version=&#8220;4.5.1&#8243; _module_preset=&#8220;default&#8220; menu_text_color=&#8220;#ffffff&#8220; background_color=&#8220;#14265d&#8220; custom_margin=&#8220;0px||-1px||false|false&#8220; custom_padding=&#8220;0px||0px||false|false&#8220; global_colors_info=&#8220;{}&#8220;][\/et_pb_menu][\/et_pb_column][\/et_pb_row][\/et_pb_section][et_pb_section fb_built=&#8220;1&#8243; _builder_version=&#8220;4.5.1&#8243; _module_preset=&#8220;default&#8220; background_color=&#8220;rgba(249,231,187,0.74)&#8220; global_colors_info=&#8220;{}&#8220;][et_pb_row _builder_version=&#8220;4.5.1&#8243; _module_preset=&#8220;default&#8220; global_colors_info=&#8220;{}&#8220;][et_pb_column type=&#8220;4_4&#8243; _builder_version=&#8220;4.5.1&#8243; _module_preset=&#8220;default&#8220; global_colors_info=&#8220;{}&#8220;][et_pb_text _builder_version=&#8220;4.5.1&#8243; _module_preset=&#8220;default&#8220; global_colors_info=&#8220;{}&#8220;]<\/p>\n<p class=\"P-Body-Copy\"><span style=\"font-size: x-large;\"><strong>Das Hofgut Bodelshofen &#8211; Reiten und Leben in historischer Kulisse<\/strong><\/span><\/p>\n<p class=\"P-Body-Copy\">\n<p class=\"P-Body-Copy\">Das Hofgut Bodelshofen hat eine weitreichende <strong>Geschichte<\/strong> mit Wurzeln bis ins Mittelalter. Es wurde erstmalig <strong>1268<\/strong> urkundlich erw\u00e4hnt und war mit der Jakobs-Kapelle Pilgerst\u00e4tte auf dem Jakobsweg nach Santiago de Compostella in Nordspanien. Das Hofgut diente dabei als Herberge und Rastst\u00e4tte der Pilger. <strong>1740<\/strong> erwarb Franz Gottlieb Freiherr von Palm das Rittergut mit damaligem Schloss, Hofanlage und land- und forstwirtschaftlichen Fl\u00e4chen. Das bauf\u00e4llige, mittelalterliche Schloss an der Stelle zwischen Hof und Jakobskirche wurde abgerissen, der geplante Neubau wurde nach seinem Tod jedoch nicht mehr umgesetzt. Durch Heirat seiner Nachfahren ging das heutige Hofgut Bodelshofen an die Freiherrn von Massenbach \u00fcber. Hatte nach <strong>1945<\/strong> noch die Rindviehhaltung den gr\u00f6\u00dften Nutzungsanteil, wurde der Hof zwischenzeitlich auch mit H\u00fchnerhaltung und Schweinemast betrieben. Der heutige Reiterhof wurde ab <strong>1970<\/strong> schrittweise um- und ausgebaut und zum Nutzungsschwerpunkt des Hofes, als <strong>1995<\/strong>\u00a0ein Teil der Ackerfl\u00e4chen zum Golfplatz umgewandelt wurde.\u00a0<\/p>\n<p class=\"P-Body-Copy\" id=\"u14410-7\">Die <strong>Land- und Forstwirtschaft<\/strong> hat das Leben auf dem Hofgut Bodelshofen immer entscheidend gepr\u00e4gt. Heute sind die Fl\u00e4chen teils verpachtet, teils werden sie beim\u00a0<span style=\"font-size: 14px;\">Gr\u00fcnland und dem Forst noch vom Hofgut aus bewirtschaftet. Auf dem Hofgut Bodelshofen sind aus den fr\u00fcheren Nutzungen auch Wohnungen und H\u00e4user in Vermietung entstanden.<\/span><\/p>\n<p>[\/et_pb_text][\/et_pb_column][\/et_pb_row][et_pb_row _builder_version=&#8220;4.5.1&#8243; _module_preset=&#8220;default&#8220; global_colors_info=&#8220;{}&#8220;][et_pb_column type=&#8220;4_4&#8243; _builder_version=&#8220;4.5.1&#8243; _module_preset=&#8220;default&#8220; global_colors_info=&#8220;{}&#8220;][et_pb_image src=&#8220;http:\/\/wp.hofgut-bodelshofen.de\/wp-content\/uploads\/2020\/10\/Hof-3A.jpg&#8220; title_text=&#8220;Hof 3A&#8220; _builder_version=&#8220;4.5.1&#8243; _module_preset=&#8220;default&#8220; global_colors_info=&#8220;{}&#8220; src__hover_enabled=&#8220;on|desktop&#8220;][\/et_pb_image][\/et_pb_column][\/et_pb_row][et_pb_row _builder_version=&#8220;4.5.1&#8243; _module_preset=&#8220;default&#8220; global_colors_info=&#8220;{}&#8220;][et_pb_column type=&#8220;4_4&#8243; _builder_version=&#8220;4.5.1&#8243; _module_preset=&#8220;default&#8220; global_colors_info=&#8220;{}&#8220;][et_pb_text _builder_version=&#8220;4.5.1&#8243; _module_preset=&#8220;default&#8220; global_colors_info=&#8220;{}&#8220;]<\/p>\n<h1 class=\"h1-Headline\" id=\"u14410-13\"><strong>Golfclub<\/strong><\/h1>\n<p>[\/et_pb_text][\/et_pb_column][\/et_pb_row][et_pb_row _builder_version=&#8220;4.5.1&#8243; _module_preset=&#8220;default&#8220; custom_padding=&#8220;0px|||||&#8220; global_colors_info=&#8220;{}&#8220;][et_pb_column type=&#8220;4_4&#8243; _builder_version=&#8220;4.5.1&#8243; _module_preset=&#8220;default&#8220; global_colors_info=&#8220;{}&#8220;][et_pb_text _builder_version=&#8220;4.5.1&#8243; _module_preset=&#8220;default&#8220; global_colors_info=&#8220;{}&#8220;]<\/p>\n<p><span>Oberhalb der Reitanlage befindet sich in die h\u00fcgelige Landschaft eingebettet, der 18-Loch Meisterschaftsgolfplatz des Golfclubs Kirchheim-Wendlingen. Dabei bietet sich auch Golfen und Reiten in vielen Kombinationen, f\u00fcr Familien oder mit privaten oder gesch\u00e4ftlichen Freunden, an.<\/span><\/p>\n<p><a class=\"nonblock\" href=\"http:\/\/www.golf-kirchheim.de\/\" target=\"_blank\" title=\"golf-kirchheim\" rel=\"noopener noreferrer\"><span id=\"u14410-18\">www.golf-kirchheim.de<\/span><\/a><\/p>\n<p>[\/et_pb_text][\/et_pb_column][\/et_pb_row][et_pb_row column_structure=&#8220;1_2,1_2&#8243; _builder_version=&#8220;4.5.1&#8243; _module_preset=&#8220;default&#8220; global_colors_info=&#8220;{}&#8220;][et_pb_column type=&#8220;1_2&#8243; _builder_version=&#8220;4.5.1&#8243; _module_preset=&#8220;default&#8220; global_colors_info=&#8220;{}&#8220;][et_pb_image src=&#8220;http:\/\/wp.hofgut-bodelshofen.de\/wp-content\/uploads\/2020\/07\/golf2.jpg&#8220; title_text=&#8220;golf2&#8243; _builder_version=&#8220;4.5.1&#8243; _module_preset=&#8220;default&#8220; global_colors_info=&#8220;{}&#8220;][\/et_pb_image][\/et_pb_column][et_pb_column type=&#8220;1_2&#8243; _builder_version=&#8220;4.5.1&#8243; _module_preset=&#8220;default&#8220; global_colors_info=&#8220;{}&#8220;][et_pb_image src=&#8220;http:\/\/wp.hofgut-bodelshofen.de\/wp-content\/uploads\/2020\/07\/golf.jpg&#8220; title_text=&#8220;golf&#8220; _builder_version=&#8220;4.5.1&#8243; _module_preset=&#8220;default&#8220; global_colors_info=&#8220;{}&#8220;][\/et_pb_image][\/et_pb_column][\/et_pb_row][et_pb_row _builder_version=&#8220;4.5.1&#8243; _module_preset=&#8220;default&#8220; global_colors_info=&#8220;{}&#8220;][et_pb_column type=&#8220;4_4&#8243; _builder_version=&#8220;4.5.1&#8243; _module_preset=&#8220;default&#8220; global_colors_info=&#8220;{}&#8220;][et_pb_text _builder_version=&#8220;4.5.1&#8243; _module_preset=&#8220;default&#8220; global_colors_info=&#8220;{}&#8220;]<\/p>\n<p>Das gute<span>\u00a0<\/span><strong><span id=\"u17100-2\">Clubrestaurant<\/span>\u00a0<\/strong>mit Panorama-Aussicht ist auch regelm\u00e4\u00dfiges Ziel f\u00fcr die Reiter vom Hofgut.<\/p>\n<p>http:\/\/golf-kirchheim.de\/gastronomie\/restaurant<\/p>\n<p>&nbsp;<\/p>\n<p><span style=\"font-size: 14px;\">Das Hofgut Bodelshofen &#8211; ein insgesamter Ort des Wohlf\u00fchlens, der Naherholung und der sportlichen Entspannung.<\/span><\/p>\n<p>[\/et_pb_text][\/et_pb_column][\/et_pb_row][\/et_pb_section]<\/p>\n","protected":false},"excerpt":{"rendered":"<p>Das Hofgut Bodelshofen &#8211; Reiten und Leben in historischer Kulisse Das Hofgut Bodelshofen hat eine weitreichende Geschichte mit Wurzeln bis ins Mittelalter. Es wurde erstmalig 1268 urkundlich erw\u00e4hnt und war mit der Jakobs-Kapelle Pilgerst\u00e4tte auf dem Jakobsweg nach Santiago de Compostella in Nordspanien. Das Hofgut diente dabei als Herberge und Rastst\u00e4tte der Pilger. 1740 erwarb [&hellip;]<\/p>\n","protected":false},"author":1,"featured_media":0,"parent":0,"menu_order":0,"comment_status":"closed","ping_status":"closed","template":"","meta":{"_et_pb_use_builder":"on","_et_pb_old_content":"","_et_gb_content_width":""},"_links":{"self":[{"href":"http:\/\/www.hofgut-bodelshofen.de\/index.php?rest_route=\/wp\/v2\/pages\/89"}],"collection":[{"href":"http:\/\/www.hofgut-bodelshofen.de\/index.php?rest_route=\/wp\/v2\/pages"}],"about":[{"href":"http:\/\/www.hofgut-bodelshofen.de\/index.php?rest_route=\/wp\/v2\/types\/page"}],"author":[{"embeddable":true,"href":"http:\/\/www.hofgut-bodelshofen.de\/index.php?rest_route=\/wp\/v2\/users\/1"}],"replies":[{"embeddable":true,"href":"http:\/\/www.hofgut-bodelshofen.de\/index.php?rest_route=%2Fwp%2Fv2%2Fcomments&post=89"}],"version-history":[{"count":16,"href":"http:\/\/www.hofgut-bodelshofen.de\/index.php?rest_route=\/wp\/v2\/pages\/89\/revisions"}],"predecessor-version":[{"id":514,"href":"http:\/\/www.hofgut-bodelshofen.de\/index.php?rest_route=\/wp\/v2\/pages\/89\/revisions\/514"}],"wp:attachment":[{"href":"http:\/\/www.hofgut-bodelshofen.de\/index.php?rest_route=%2Fwp%2Fv2%2Fmedia&parent=89"}],"curies":[{"name":"wp","href":"https:\/\/api.w.org\/{rel}","templated":true}]}}