{"id":80,"date":"2020-07-15T09:38:49","date_gmt":"2020-07-15T09:38:49","guid":{"rendered":"http:\/\/wp.hofgut-bodelshofen.de\/?page_id=80"},"modified":"2020-10-25T19:36:26","modified_gmt":"2020-10-25T19:36:26","slug":"reitanlage","status":"publish","type":"page","link":"http:\/\/www.hofgut-bodelshofen.de\/?page_id=80","title":{"rendered":"Reitanlage"},"content":{"rendered":"<p>[et_pb_section fb_built=&#8220;1&#8243; fullwidth=&#8220;on&#8220; admin_label=&#8220;Hero Section&#8220; _builder_version=&#8220;4.5.1&#8243; background_image=&#8220;http:\/\/wp.hofgut-bodelshofen.de\/wp-content\/uploads\/2020\/07\/1Y3A8634_web.jpg&#8220;][et_pb_fullwidth_header text_orientation=&#8220;right&#8220; background_overlay_color=&#8220;rgba(0,0,0,0)&#8220; content_max_width=&#8220;550px&#8220; _builder_version=&#8220;4.5.1&#8243; title_font=&#8220;Poppins|700||on|||||&#8220; title_text_color=&#8220;#edbb5f&#8220; title_font_size=&#8220;14px&#8220; title_letter_spacing=&#8220;2px&#8220; title_line_height=&#8220;1.8em&#8220; subhead_font=&#8220;Playfair Display|700||on|||||&#8220; subhead_font_size=&#8220;48px&#8220; subhead_line_height=&#8220;1.4em&#8220; background_enable_color=&#8220;off&#8220; background_enable_image=&#8220;off&#8220; parallax=&#8220;on&#8220; parallax_method=&#8220;on&#8220; custom_button_one=&#8220;on&#8220; button_one_border_width=&#8220;1px&#8220; button_one_border_color=&#8220;rgba(255,255,255,0.3)&#8220; button_one_border_radius=&#8220;0px&#8220; button_one_letter_spacing=&#8220;1px&#8220; button_one_font=&#8220;Saira Extra Condensed|600||on|||||&#8220; button_one_icon=&#8220;%%3%%&#8220; button_one_icon_color=&#8220;#edbb5f&#8220; custom_button_two=&#8220;on&#8220; button_two_border_width=&#8220;1px&#8220; button_two_border_color=&#8220;rgba(255,255,255,0.3)&#8220; button_two_border_radius=&#8220;0px&#8220; button_two_letter_spacing=&#8220;1px&#8220; button_two_font=&#8220;Saira Extra Condensed|600||on|||||&#8220; button_two_icon=&#8220;%%3%%&#8220; button_two_icon_color=&#8220;#edbb5f&#8220; module_alignment=&#8220;right&#8220; custom_margin=&#8220;|||&#8220; custom_padding=&#8220;8%||260px|&#8220; border_color_all_image=&#8220;rgba(0,0,0,0)&#8220; button_one_text_color_hover=&#8220;#edbb5f&#8220; button_two_text_color_hover=&#8220;#edbb5f&#8220; button_one_bg_color_hover=&#8220;rgba(0,0,0,0)&#8220; button_two_bg_color_hover=&#8220;rgba(0,0,0,0)&#8220; button_one_text_size__hover_enabled=&#8220;off&#8220; button_two_text_size__hover_enabled=&#8220;off&#8220; button_one_text_color__hover_enabled=&#8220;on&#8220; button_one_text_color__hover=&#8220;#edbb5f&#8220; button_two_text_color__hover_enabled=&#8220;on&#8220; button_two_text_color__hover=&#8220;#edbb5f&#8220; button_one_border_width__hover_enabled=&#8220;off&#8220; button_two_border_width__hover_enabled=&#8220;off&#8220; button_one_border_color__hover_enabled=&#8220;off&#8220; button_two_border_color__hover_enabled=&#8220;off&#8220; button_one_border_radius__hover_enabled=&#8220;off&#8220; button_two_border_radius__hover_enabled=&#8220;off&#8220; button_one_letter_spacing__hover_enabled=&#8220;off&#8220; button_two_letter_spacing__hover_enabled=&#8220;off&#8220; button_one_bg_color__hover_enabled=&#8220;on&#8220; button_one_bg_color__hover=&#8220;rgba(0,0,0,0)&#8220; button_two_bg_color__hover_enabled=&#8220;on&#8220; button_two_bg_color__hover=&#8220;rgba(0,0,0,0)&#8220;][\/et_pb_fullwidth_header][\/et_pb_section][et_pb_section fb_built=&#8220;1&#8243; _builder_version=&#8220;4.5.1&#8243; _module_preset=&#8220;default&#8220; background_color=&#8220;#14265d&#8220; max_height=&#8220;100px&#8220; custom_margin=&#8220;0px||0px||false|false&#8220; custom_padding=&#8220;0px||0px||false|false&#8220; global_module=&#8220;127&#8243;][et_pb_row _builder_version=&#8220;4.5.1&#8243; _module_preset=&#8220;default&#8220; custom_padding=&#8220;5px||5px||false|false&#8220;][et_pb_column type=&#8220;4_4&#8243; _builder_version=&#8220;4.5.1&#8243; _module_preset=&#8220;default&#8220;][et_pb_menu menu_style=&#8220;centered&#8220; submenu_direction=&#8220;downwards&#8220; active_link_color=&#8220;#ffffff&#8220; _builder_version=&#8220;4.5.1&#8243; _module_preset=&#8220;default&#8220; menu_text_color=&#8220;#ffffff&#8220; background_color=&#8220;#14265d&#8220; custom_margin=&#8220;0px||-1px||false|false&#8220; custom_padding=&#8220;0px||0px||false|false&#8220;][\/et_pb_menu][\/et_pb_column][\/et_pb_row][\/et_pb_section][et_pb_section fb_built=&#8220;1&#8243; _builder_version=&#8220;4.5.1&#8243; _module_preset=&#8220;default&#8220; background_color=&#8220;rgba(249,231,187,0.74)&#8220; custom_padding=&#8220;||45px|||&#8220;][et_pb_row _builder_version=&#8220;4.5.1&#8243; _module_preset=&#8220;default&#8220;][et_pb_column type=&#8220;4_4&#8243; _builder_version=&#8220;4.5.1&#8243; _module_preset=&#8220;default&#8220;][et_pb_text _builder_version=&#8220;4.5.1&#8243; _module_preset=&#8220;default&#8220;]<\/p>\n<p>Die Anlage ist sowohl auf die Zufriedenheit der Besitzer, als auch auf das Wohlergehen der Pferde ausgelegt.<\/p>\n<p>Eine so artgerecht wie m\u00f6glich, individuelle, flexible sowie serviceorientierte Haltung sind ideale Bedingungen f\u00fcr Reiter und Pferdeliebhaber aller Sparten.<\/p>\n<p>Die Reitanlage Hofgut Bodelshofen bietet deshalb eine Vielzahl an Einrichtungen und Leistungen \u00fcber die Sie sich nachfolgend informieren k\u00f6nnen. Gerne k\u00f6nnen Sie die Anlage auch vor Ort besichtigen. Diesbez\u00fcglich bitten wir jedoch um vorherige Terminabsprache mit einem unserer Ansprechpartner.<\/p>\n<p>[\/et_pb_text][\/et_pb_column][\/et_pb_row][\/et_pb_section][et_pb_section fb_built=&#8220;1&#8243; _builder_version=&#8220;4.5.1&#8243; _module_preset=&#8220;default&#8220; background_color=&#8220;rgba(249,231,187,0.74)&#8220; custom_padding=&#8220;0px|||||&#8220;][et_pb_row _builder_version=&#8220;4.5.1&#8243; _module_preset=&#8220;default&#8220;][et_pb_column type=&#8220;4_4&#8243; _builder_version=&#8220;4.5.1&#8243; _module_preset=&#8220;default&#8220;][et_pb_image src=&#8220;http:\/\/wp.hofgut-bodelshofen.de\/wp-content\/uploads\/2020\/07\/Einrichtungen-mit-Zahlen.png&#8220; title_text=&#8220;Einrichtungen mit Zahlen&#8220; _builder_version=&#8220;4.5.1&#8243; _module_preset=&#8220;default&#8220; custom_margin=&#8220;0px||0px||false|false&#8220; custom_padding=&#8220;0px||0px||false|false&#8220;][\/et_pb_image][\/et_pb_column][\/et_pb_row][et_pb_row _builder_version=&#8220;4.5.1&#8243; _module_preset=&#8220;default&#8220;][et_pb_column type=&#8220;4_4&#8243; _builder_version=&#8220;4.5.1&#8243; _module_preset=&#8220;default&#8220;][et_pb_text _builder_version=&#8220;4.5.1&#8243; _module_preset=&#8220;default&#8220;]<\/p>\n<h1 id=\"u13724-6\">Einrichtungen &amp; Leistungen<\/h1>\n<p>[\/et_pb_text][\/et_pb_column][\/et_pb_row][et_pb_row _builder_version=&#8220;4.5.1&#8243; _module_preset=&#8220;default&#8220;][et_pb_column type=&#8220;4_4&#8243; _builder_version=&#8220;4.5.1&#8243; _module_preset=&#8220;default&#8220;][et_pb_text _builder_version=&#8220;4.5.1&#8243; _module_preset=&#8220;default&#8220;]<\/p>\n<p id=\"u14012-2\">1) Reithalle mit original Terra Tex Reitboden 20 x 40 m<\/p>\n<p id=\"u14012-4\">2) Bewegungshalle mit original Terra Tex Reitboden 20 x 30 m<\/p>\n<p id=\"u14012-6\">3) Sand-Au\u00dfenplatz 22 x 52 m<\/p>\n<p id=\"u14012-8\">4) Rasen-Au\u00dfenplatz 80 x 40 m<\/p>\n<p id=\"u14012-10\">5) Koppeln \u00fcber 5 ha in Hofn\u00e4he und Gr\u00fcnland \u00fcber 15 ha<\/p>\n<p id=\"u14012-12\">6) Waschbox mit Warmwasser<\/p>\n<p id=\"u14012-14\">7) Solarium<\/p>\n<p id=\"u14012-16\">8) Reiterst\u00fcbchen f\u00fcr 60 Personen mit Grillplatz<\/p>\n<p id=\"u14012-18\">9) Laufband<\/p>\n<p>[\/et_pb_text][\/et_pb_column][\/et_pb_row][\/et_pb_section][et_pb_section fb_built=&#8220;1&#8243; _builder_version=&#8220;4.5.1&#8243; _module_preset=&#8220;default&#8220; background_color=&#8220;rgba(249,231,187,0.74)&#8220;][et_pb_row column_structure=&#8220;1_2,1_2&#8243; _builder_version=&#8220;4.5.1&#8243; _module_preset=&#8220;default&#8220;][et_pb_column type=&#8220;1_2&#8243; _builder_version=&#8220;4.5.1&#8243; _module_preset=&#8220;default&#8220;][et_pb_blurb title=&#8220;Reithalle&#8220; image=&#8220;http:\/\/wp.hofgut-bodelshofen.de\/wp-content\/uploads\/2020\/07\/Hofgut_Bodelshofen.jpg&#8220; _builder_version=&#8220;4.5.1&#8243; _module_preset=&#8220;default&#8220;][\/et_pb_blurb][\/et_pb_column][et_pb_column type=&#8220;1_2&#8243; _builder_version=&#8220;4.5.1&#8243; _module_preset=&#8220;default&#8220;][et_pb_blurb title=&#8220;Stall VI + VII&#8220; image=&#8220;http:\/\/wp.hofgut-bodelshofen.de\/wp-content\/uploads\/2020\/07\/Hofgut_Bodelshofen2.jpg&#8220; _builder_version=&#8220;4.5.1&#8243; _module_preset=&#8220;default&#8220;][\/et_pb_blurb][\/et_pb_column][\/et_pb_row][et_pb_row column_structure=&#8220;1_2,1_2&#8243; _builder_version=&#8220;4.5.1&#8243; _module_preset=&#8220;default&#8220;][et_pb_column type=&#8220;1_2&#8243; _builder_version=&#8220;4.5.1&#8243; _module_preset=&#8220;default&#8220;][et_pb_blurb title=&#8220;Paddockboxen<br \/>\n Stall II&#8220; image=&#8220;http:\/\/wp.hofgut-bodelshofen.de\/wp-content\/uploads\/2020\/07\/Hofgut_Bodelshofen4.jpg&#8220; _builder_version=&#8220;4.5.1&#8243; _module_preset=&#8220;default&#8220;][\/et_pb_blurb][\/et_pb_column][et_pb_column type=&#8220;1_2&#8243; _builder_version=&#8220;4.5.1&#8243; _module_preset=&#8220;default&#8220;][et_pb_blurb title=&#8220;Solarium und Waschbox&#8220; image=&#8220;http:\/\/wp.hofgut-bodelshofen.de\/wp-content\/uploads\/2020\/07\/Hofgut_Bodelshofen3.jpg&#8220; _builder_version=&#8220;4.5.1&#8243; _module_preset=&#8220;default&#8220;][\/et_pb_blurb][\/et_pb_column][\/et_pb_row][et_pb_row _builder_version=&#8220;4.5.1&#8243; _module_preset=&#8220;default&#8220;][et_pb_column type=&#8220;4_4&#8243; _builder_version=&#8220;4.5.1&#8243; _module_preset=&#8220;default&#8220;][et_pb_text _builder_version=&#8220;4.5.1&#8243; _module_preset=&#8220;default&#8220;]<\/p>\n<h1>Haltung<\/h1>\n<p>[\/et_pb_text][\/et_pb_column][\/et_pb_row][et_pb_row _builder_version=&#8220;4.5.1&#8243; _module_preset=&#8220;default&#8220;][et_pb_column type=&#8220;4_4&#8243; _builder_version=&#8220;4.5.1&#8243; _module_preset=&#8220;default&#8220;][et_pb_text _builder_version=&#8220;4.5.1&#8243; _module_preset=&#8220;default&#8220;]<\/p>\n<ul class=\"list0 nls-None\" id=\"u23651-11\">\n<li id=\"u23651-2\">Paddockboxen<\/li>\n<li id=\"u23651-4\">Gro\u00dfboxen<\/li>\n<li id=\"u23651-6\">Fensterboxen<\/li>\n<li id=\"u23651-8\">Innenboxen<\/li>\n<li id=\"u23651-10\">Offenstall<\/li>\n<\/ul>\n<p>[\/et_pb_text][\/et_pb_column][\/et_pb_row][et_pb_row _builder_version=&#8220;4.5.1&#8243; _module_preset=&#8220;default&#8220;][et_pb_column type=&#8220;4_4&#8243; _builder_version=&#8220;4.5.1&#8243; _module_preset=&#8220;default&#8220;][et_pb_text _builder_version=&#8220;4.5.1&#8243; _module_preset=&#8220;default&#8220;]<\/p>\n<h1 id=\"u14160-6\"><span title=\"Service\" id=\"u14160-5\">Service<\/span><\/h1>\n<p>[\/et_pb_text][\/et_pb_column][\/et_pb_row][et_pb_row _builder_version=&#8220;4.5.1&#8243; _module_preset=&#8220;default&#8220;][et_pb_column type=&#8220;4_4&#8243; _builder_version=&#8220;4.5.1&#8243; _module_preset=&#8220;default&#8220;][et_pb_text _builder_version=&#8220;4.5.1&#8243; _module_preset=&#8220;default&#8220;]<\/p>\n<div class=\"P-Body-Copy clearfix colelem shared_content\" id=\"u14163-4\" data-muse-uid=\"U14163\" data-muse-type=\"txt_frame\" data-ibe-flags=\"txtStyleSrc\" data-content-guid=\"u14163-4_content\">\n<p>Die\u00a0 vielf\u00e4ltigen Serviceleistungen erfragen Sie bitte bei den entsprechenden Stallbetreibern.<\/p>\n<\/div>\n<div class=\"h1-Headline clearfix colelem shared_content\" id=\"u14187-7\" title=\"Reitunterricht\" data-muse-uid=\"U14187\" data-muse-type=\"txt_frame\" data-ibe-flags=\"txtStyleSrc\" data-content-guid=\"u14187-7_content\"><\/div>\n<p>[\/et_pb_text][\/et_pb_column][\/et_pb_row][et_pb_row _builder_version=&#8220;4.5.1&#8243; _module_preset=&#8220;default&#8220;][et_pb_column type=&#8220;4_4&#8243; _builder_version=&#8220;4.5.1&#8243; _module_preset=&#8220;default&#8220;][et_pb_text _builder_version=&#8220;4.5.1&#8243; _module_preset=&#8220;default&#8220;]<\/p>\n<div class=\"h1-Headline clearfix colelem shared_content\" id=\"u14187-7\" title=\"Reitunterricht\" data-muse-uid=\"U14187\" data-muse-type=\"txt_frame\" data-ibe-flags=\"txtStyleSrc\" data-content-guid=\"u14187-7_content\">\n<h1>Pferdeklinik Kirchheim<\/h1>\n<\/div>\n<h1 class=\"clearfix colelem\" id=\"pu26029\"><\/h1>\n<p>[\/et_pb_text][\/et_pb_column][\/et_pb_row][et_pb_row _builder_version=&#8220;4.5.1&#8243; _module_preset=&#8220;default&#8220;][et_pb_column type=&#8220;4_4&#8243; _builder_version=&#8220;4.5.1&#8243; _module_preset=&#8220;default&#8220;][et_pb_text _builder_version=&#8220;4.5.1&#8243; _module_preset=&#8220;default&#8220; custom_padding=&#8220;||0px|||&#8220;]<\/p>\n<p><span>Die Pferdeklinik liegt auf 10 Autominuten von uns entfernt. Wir sind froh, einen so kompetenten Ansprechpartner bei schwierigen Krankheitsfragen vor Ort zu haben:\u00a0<\/span><a class=\"nonblock\" href=\"http:\/\/www.pferdeklinik-kirchheim.de\/\" target=\"_blank\" rel=\"noopener noreferrer\"><span id=\"u14196-2\">www.pferdeklinik-kirchheim.de<\/span><\/a><\/p>\n<p>[\/et_pb_text][\/et_pb_column][\/et_pb_row][\/et_pb_section]<\/p>\n","protected":false},"excerpt":{"rendered":"<p>Die Anlage ist sowohl auf die Zufriedenheit der Besitzer, als auch auf das Wohlergehen der Pferde ausgelegt. Eine so artgerecht wie m\u00f6glich, individuelle, flexible sowie serviceorientierte Haltung sind ideale Bedingungen f\u00fcr Reiter und Pferdeliebhaber aller Sparten. Die Reitanlage Hofgut Bodelshofen bietet deshalb eine Vielzahl an Einrichtungen und Leistungen \u00fcber die Sie sich nachfolgend informieren k\u00f6nnen. [&hellip;]<\/p>\n","protected":false},"author":1,"featured_media":0,"parent":0,"menu_order":0,"comment_status":"closed","ping_status":"closed","template":"","meta":{"_et_pb_use_builder":"on","_et_pb_old_content":"","_et_gb_content_width":""},"_links":{"self":[{"href":"http:\/\/www.hofgut-bodelshofen.de\/index.php?rest_route=\/wp\/v2\/pages\/80"}],"collection":[{"href":"http:\/\/www.hofgut-bodelshofen.de\/index.php?rest_route=\/wp\/v2\/pages"}],"about":[{"href":"http:\/\/www.hofgut-bodelshofen.de\/index.php?rest_route=\/wp\/v2\/types\/page"}],"author":[{"embeddable":true,"href":"http:\/\/www.hofgut-bodelshofen.de\/index.php?rest_route=\/wp\/v2\/users\/1"}],"replies":[{"embeddable":true,"href":"http:\/\/www.hofgut-bodelshofen.de\/index.php?rest_route=%2Fwp%2Fv2%2Fcomments&post=80"}],"version-history":[{"count":16,"href":"http:\/\/www.hofgut-bodelshofen.de\/index.php?rest_route=\/wp\/v2\/pages\/80\/revisions"}],"predecessor-version":[{"id":380,"href":"http:\/\/www.hofgut-bodelshofen.de\/index.php?rest_route=\/wp\/v2\/pages\/80\/revisions\/380"}],"wp:attachment":[{"href":"http:\/\/www.hofgut-bodelshofen.de\/index.php?rest_route=%2Fwp%2Fv2%2Fmedia&parent=80"}],"curies":[{"name":"wp","href":"https:\/\/api.w.org\/{rel}","templated":true}]}}