{"id":7,"date":"2020-07-15T10:28:39","date_gmt":"2020-07-15T10:28:39","guid":{"rendered":"http:\/\/wp.hofgut-bodelshofen.de\/?page_id=7"},"modified":"2025-10-23T13:50:28","modified_gmt":"2025-10-23T13:50:28","slug":"homepage","status":"publish","type":"page","link":"http:\/\/www.hofgut-bodelshofen.de\/","title":{"rendered":"Homepage"},"content":{"rendered":"<p>[et_pb_section fb_built=&#8220;1&#8243; fullwidth=&#8220;on&#8220; _builder_version=&#8220;4.16&#8243; _module_preset=&#8220;default&#8220; global_colors_info=&#8220;{}&#8220;][\/et_pb_section][et_pb_section fb_built=&#8220;1&#8243; _builder_version=&#8220;4.5.1&#8243; _module_preset=&#8220;default&#8220; background_color=&#8220;#14265d&#8220; max_height=&#8220;100px&#8220; custom_margin=&#8220;0px||0px||false|false&#8220; custom_padding=&#8220;0px||0px||false|false&#8220; global_module=&#8220;127&#8243; saved_tabs=&#8220;all&#8220; global_colors_info=&#8220;{}&#8220;][et_pb_row _builder_version=&#8220;4.16&#8243; _module_preset=&#8220;default&#8220; custom_padding=&#8220;5px||5px||false|false&#8220; global_colors_info=&#8220;{}&#8220;][et_pb_column type=&#8220;4_4&#8243; _builder_version=&#8220;4.16&#8243; _module_preset=&#8220;default&#8220; global_colors_info=&#8220;{}&#8220;][et_pb_menu menu_style=&#8220;centered&#8220; submenu_direction=&#8220;downwards&#8220; active_link_color=&#8220;#ffffff&#8220; _builder_version=&#8220;4.20.4&#8243; _module_preset=&#8220;default&#8220; menu_text_color=&#8220;#ffffff&#8220; background_color=&#8220;#14265d&#8220; custom_margin=&#8220;0px||-1px||false|false&#8220; custom_padding=&#8220;0px||0px||false|false&#8220; global_colors_info=&#8220;{}&#8220;][\/et_pb_menu][\/et_pb_column][\/et_pb_row][\/et_pb_section][et_pb_section fb_built=&#8220;1&#8243; _builder_version=&#8220;4.16&#8243; _module_preset=&#8220;default&#8220; background_color=&#8220;rgba(249,231,187,0.74)&#8220; custom_margin=&#8220;0px||||false|false&#8220; custom_padding=&#8220;0px||0px||false|false&#8220; global_colors_info=&#8220;{}&#8220;][et_pb_row _builder_version=&#8220;4.16&#8243; _module_preset=&#8220;default&#8220; global_colors_info=&#8220;{}&#8220;][et_pb_column type=&#8220;4_4&#8243; _builder_version=&#8220;4.16&#8243; _module_preset=&#8220;default&#8220; global_colors_info=&#8220;{}&#8220;][et_pb_image src=&#8220;http:\/\/wp.hofgut-bodelshofen.de\/wp-content\/uploads\/2020\/07\/logo-300&#215;233.png&#8220; title_text=&#8220;logo&#8220; align=&#8220;center&#8220; _builder_version=&#8220;4.16&#8243; _module_preset=&#8220;default&#8220; width=&#8220;17%&#8220; width_tablet=&#8220;80%&#8220; width_phone=&#8220;80%&#8220; width_last_edited=&#8220;on|desktop&#8220; height_tablet=&#8220;&#8220; height_phone=&#8220;auto&#8220; height_last_edited=&#8220;on|phone&#8220; global_colors_info=&#8220;{}&#8220;][\/et_pb_image][\/et_pb_column][\/et_pb_row][\/et_pb_section][et_pb_section fb_built=&#8220;1&#8243; _builder_version=&#8220;4.16&#8243; _module_preset=&#8220;default&#8220; background_color=&#8220;rgba(249,231,187,0.74)&#8220; custom_margin=&#8220;||||false|false&#8220; custom_padding=&#8220;5px||5px||false|false&#8220; global_colors_info=&#8220;{}&#8220;][et_pb_row column_structure=&#8220;1_5,1_5,1_5,1_5,1_5&#8243; custom_padding_last_edited=&#8220;on|desktop&#8220; _builder_version=&#8220;4.16&#8243; _module_preset=&#8220;default&#8220; width=&#8220;auto&#8220; max_width=&#8220;1360px&#8220; module_alignment=&#8220;center&#8220; custom_padding=&#8220;||||false|false&#8220; custom_padding_tablet=&#8220;|||25%|false|false&#8220; custom_padding_phone=&#8220;|||25%|false|false&#8220; module_alignment_tablet=&#8220;center&#8220; module_alignment_phone=&#8220;center&#8220; module_alignment_last_edited=&#8220;on|phone&#8220; global_colors_info=&#8220;{}&#8220;][et_pb_column type=&#8220;1_5&#8243; _builder_version=&#8220;4.16&#8243; _module_preset=&#8220;default&#8220; global_colors_info=&#8220;{}&#8220;][et_pb_team_member name=&#8220;Hofgut Bodelshofen Verwaltung&#8220; image_url=&#8220;http:\/\/wp.hofgut-bodelshofen.de\/wp-content\/uploads\/2020\/07\/shutterstock_Pferd_Logo_icon_1724407270-3.png&#8220; _builder_version=&#8220;4.16&#8243; _module_preset=&#8220;default&#8220; text_orientation=&#8220;center&#8220; width=&#8220;60%&#8220; link_option_url=&#8220;http:\/\/wp.hofgut-bodelshofen.de\/?page_id=236&#8243; scroll_scaling_enable=&#8220;on&#8220; global_colors_info=&#8220;{}&#8220;][\/et_pb_team_member][\/et_pb_column][et_pb_column type=&#8220;1_5&#8243; _builder_version=&#8220;4.16&#8243; _module_preset=&#8220;default&#8220; global_colors_info=&#8220;{}&#8220;][et_pb_team_member name=&#8220;Pensionsstall Anika Sp\u00e4th &#8220; image_url=&#8220;http:\/\/wp.hofgut-bodelshofen.de\/wp-content\/uploads\/2020\/07\/shutterstock_Pferd_Logo_icon_1724407270-3.png&#8220; _builder_version=&#8220;4.16&#8243; _module_preset=&#8220;default&#8220; text_orientation=&#8220;center&#8220; width=&#8220;60%&#8220; link_option_url=&#8220;http:\/\/wp.hofgut-bodelshofen.de\/?page_id=238&#8243; scroll_scaling_enable=&#8220;on&#8220; global_colors_info=&#8220;{}&#8220;][\/et_pb_team_member][\/et_pb_column][et_pb_column type=&#8220;1_5&#8243; _builder_version=&#8220;4.16&#8243; _module_preset=&#8220;default&#8220; global_colors_info=&#8220;{}&#8220;][et_pb_team_member name=&#8220;Greenhof Ponyreitschule Heike Schaber&#8220; image_url=&#8220;http:\/\/wp.hofgut-bodelshofen.de\/wp-content\/uploads\/2020\/07\/shutterstock_Pferd_Logo_icon_1724407270-3.png&#8220; _builder_version=&#8220;4.16&#8243; _module_preset=&#8220;default&#8220; text_orientation=&#8220;center&#8220; width=&#8220;60%&#8220; link_option_url=&#8220;http:\/\/wp.hofgut-bodelshofen.de\/?page_id=249&#8243; scroll_scaling_enable=&#8220;on&#8220; global_colors_info=&#8220;{}&#8220;][\/et_pb_team_member][\/et_pb_column][et_pb_column type=&#8220;1_5&#8243; _builder_version=&#8220;4.16&#8243; _module_preset=&#8220;default&#8220; global_colors_info=&#8220;{}&#8220;][et_pb_team_member name=&#8220;Paddock-Stall Simone Ertel&#8220; image_url=&#8220;http:\/\/wp.hofgut-bodelshofen.de\/wp-content\/uploads\/2020\/07\/shutterstock_Pferd_Logo_icon_1724407270-3.png&#8220; _builder_version=&#8220;4.27.4&#8243; _module_preset=&#8220;default&#8220; text_orientation=&#8220;center&#8220; width=&#8220;60%&#8220; link_option_url=&#8220;http:\/\/wp.hofgut-bodelshofen.de\/?page_id=242&#8243; scroll_scaling_enable=&#8220;on&#8220; hover_enabled=&#8220;0&#8243; global_colors_info=&#8220;{}&#8220; sticky_enabled=&#8220;0&#8243;][\/et_pb_team_member][\/et_pb_column][et_pb_column type=&#8220;1_5&#8243; _builder_version=&#8220;4.16&#8243; _module_preset=&#8220;default&#8220; global_colors_info=&#8220;{}&#8220;][\/et_pb_column][\/et_pb_row][\/et_pb_section][et_pb_section fb_built=&#8220;1&#8243; _builder_version=&#8220;4.9.10&#8243; _module_preset=&#8220;default&#8220; background_color=&#8220;rgba(249,231,187,0.74)&#8220; min_height=&#8220;335px&#8220; min_height_tablet=&#8220;&#8220; min_height_phone=&#8220;100px&#8220; min_height_last_edited=&#8220;on|phone&#8220; custom_margin=&#8220;0px||0px||false|false&#8220; custom_padding=&#8220;0px||0px||false|false&#8220; global_module=&#8220;478&#8243; saved_tabs=&#8220;all&#8220; global_colors_info=&#8220;{}&#8220;][et_pb_row _builder_version=&#8220;4.16&#8243; _module_preset=&#8220;default&#8220; custom_margin=&#8220;0px||||false|false&#8220; custom_padding=&#8220;0px||||false|false&#8220; global_colors_info=&#8220;{}&#8220;][et_pb_column type=&#8220;4_4&#8243; _builder_version=&#8220;4.16&#8243; _module_preset=&#8220;default&#8220; global_colors_info=&#8220;{}&#8220;][et_pb_image src=&#8220;http:\/\/wp.hofgut-bodelshofen.de\/wp-content\/uploads\/2020\/10\/Hof-2A.jpg&#8220; title_text=&#8220;Hof 2A&#8220; force_fullwidth=&#8220;on&#8220; _builder_version=&#8220;4.16&#8243; _module_preset=&#8220;default&#8220; custom_margin=&#8220;||0px||false|false&#8220; custom_padding=&#8220;||0px||false|false&#8220; global_colors_info=&#8220;{}&#8220; src__hover_enabled=&#8220;on|desktop&#8220; src__hover=&#8220;http:\/\/wp.hofgut-bodelshofen.de\/wp-content\/uploads\/2020\/10\/Hof-2A.jpg&#8220;][\/et_pb_image][\/et_pb_column][\/et_pb_row][\/et_pb_section][et_pb_section fb_built=&#8220;1&#8243; _builder_version=&#8220;4.16&#8243; _module_preset=&#8220;default&#8220; background_color=&#8220;rgba(249,231,187,0.74)&#8220; background_enable_image=&#8220;off&#8220; custom_padding=&#8220;0px||0px||false|false&#8220; global_colors_info=&#8220;{}&#8220;][et_pb_row _builder_version=&#8220;4.16&#8243; _module_preset=&#8220;default&#8220; global_colors_info=&#8220;{}&#8220;][et_pb_column type=&#8220;4_4&#8243; _builder_version=&#8220;4.16&#8243; _module_preset=&#8220;default&#8220; global_colors_info=&#8220;{}&#8220;][et_pb_text _builder_version=&#8220;4.16&#8243; _module_preset=&#8220;default&#8220; global_colors_info=&#8220;{}&#8220;]<\/p>\n<h1 style=\"text-align: center;\"><span style=\"color: #14265d;\"><strong><span id=\"u434-5\" style=\"font-size: xx-large;\">Herzlich Willkommen!<\/span><\/strong><\/span><\/h1>\n<p style=\"text-align: left;\"><span style=\"font-size: medium;\">Das Hofgut Bodelshofen steht f\u00fcr eine historische Reitanlage mit besonderer Kulisse, deren Ursprung aus der Zeit vor dem 17. Jahrhundert stammt.<\/span><\/p>\n<p style=\"text-align: left;\"><span style=\"font-size: medium;\">Seit Oktober 2018 ist die Anlage in mehrere verpachtete Bereiche aufgeteilt worden. Hinter dieser Aufteilung steht ein vielf\u00e4ltiges und gleichzeitig individuelles Konzept, in welchem sich jeder Typ Reiter wiederfinden kann.<\/span><\/p>\n<p style=\"text-align: left;\"><span style=\"font-size: medium;\">Die Reitanlage wird von folgenden drei eigenst\u00e4ndigen Betreibern gef\u00fchrt, zu denen Sie direkten Kontakt aufnehmen k\u00f6nnen.<\/span><\/p>\n<ul>\n<li style=\"text-align: left;\"><span style=\"font-size: medium;\"><strong>Anika Sp\u00e4th<\/strong>:\u00a0\u00a0\u00a0\u00a0\u00a0\u00a0\u00a0\u00a0\u00a0\u00a0\u00a0\u00a0\u00a0\u00a0\u00a0\u00a0\u00a0\u00a0\u00a0\u00a0 Paddockboxen und Fensterboxen<\/span><span style=\"font-size: medium;\"><br \/>\n<\/span><\/li>\n<li style=\"text-align: left;\"><span style=\"font-size: medium;\"><strong>Heike Schaber<\/strong>:\u00a0 \u00a0 \u00a0 \u00a0 \u00a0 \u00a0 \u00a0 \u00a0 \u00a0Offenstall mit Ponyreitschule &#8222;Greenhof&#8220;\u00a0<\/span><\/li>\n<li style=\"text-align: left;\"><span style=\"font-size: medium;\"><b>Simone Ertel<\/b>:\u00a0 \u00a0 \u00a0 \u00a0 \u00a0 \u00a0 \u00a0 \u00a0 \u00a0 \u00a0 Paddockboxen<\/span><\/li>\n<\/ul>\n<p style=\"text-align: left;\"><span style=\"font-size: medium;\">Bei allgemeinen Fragen, die nicht die einzelnen St\u00e4lle und Betreiber betreffen, steht Ihnen die Verwaltung des Hofguts zur Verf\u00fcgung.\u00a0<\/span><\/p>\n<p style=\"text-align: left;\"><span style=\"font-size: medium;\">Falls Sie uns besuchen m\u00f6chten, wenden Sie sich bitte vorab zur Terminabsprache\u00a0an einen der aufgef\u00fchrten Ansprechpartner.<\/span><\/p>\n<p style=\"text-align: center;\"><span style=\"font-size: medium;\">Wir freuen uns auf Sie!<\/span><\/p>\n<p style=\"text-align: center;\"><span style=\"font-size: large;\"><span id=\"u447-40\">Ihr Team<\/span>\u00a0vom\u00a0<span id=\"u447-43\">Hofgut\u00a0<\/span>Bodelshofen<\/span><\/p>\n<p>[\/et_pb_text][\/et_pb_column][\/et_pb_row][et_pb_row _builder_version=&#8220;4.16&#8243; _module_preset=&#8220;default&#8220; global_colors_info=&#8220;{}&#8220;][et_pb_column type=&#8220;4_4&#8243; _builder_version=&#8220;4.16&#8243; _module_preset=&#8220;default&#8220; global_colors_info=&#8220;{}&#8220;][et_pb_image src=&#8220;http:\/\/wp.hofgut-bodelshofen.de\/wp-content\/uploads\/2020\/10\/Hof-4C.jpg&#8220; title_text=&#8220;Hof 4C&#8220; _builder_version=&#8220;4.16&#8243; _module_preset=&#8220;default&#8220; custom_padding=&#8220;||2px|||&#8220; global_colors_info=&#8220;{}&#8220;][\/et_pb_image][\/et_pb_column][\/et_pb_row][\/et_pb_section][et_pb_section fb_built=&#8220;1&#8243; _builder_version=&#8220;4.16&#8243; _module_preset=&#8220;default&#8220; background_color=&#8220;rgba(249,231,187,0.74)&#8220; custom_padding=&#8220;0px||0px||false|false&#8220; global_colors_info=&#8220;{}&#8220;][et_pb_row _builder_version=&#8220;4.16&#8243; _module_preset=&#8220;default&#8220; global_colors_info=&#8220;{}&#8220;][et_pb_column type=&#8220;4_4&#8243; _builder_version=&#8220;4.16&#8243; _module_preset=&#8220;default&#8220; global_colors_info=&#8220;{}&#8220;][et_pb_image src=&#8220;http:\/\/wp.hofgut-bodelshofen.de\/wp-content\/uploads\/2020\/07\/logo-300&#215;233.png&#8220; title_text=&#8220;logo&#8220; align=&#8220;center&#8220; _builder_version=&#8220;4.16&#8243; _module_preset=&#8220;default&#8220; global_colors_info=&#8220;{}&#8220;][\/et_pb_image][et_pb_cta title=&#8220;Kontakt&#8220; button_text=&#8220;Klicks&#8220; _builder_version=&#8220;4.16&#8243; _module_preset=&#8220;default&#8220; header_text_color=&#8220;#000000&#8243; body_text_color=&#8220;#000000&#8243; body_line_height=&#8220;1em&#8220; background_color=&#8220;rgba(0,0,0,0)&#8220; global_colors_info=&#8220;{}&#8220;]Reitanlage Hofgut Bodelshofen<\/p>\n<p>\u00d6tlinger Stra\u00dfe 26,\u00a0<span style=\"font-size: 14px;\">73240 Wendlingen-Bodelshofen<\/span><\/p>\n<p>Telefon 07024 \u2013 6523,\u00a0<span style=\"font-size: 14px;\">Telefax 07024 \u2013 6293<\/span><\/p>\n<p><a class=\"nonblock\" style=\"font-size: 14px;\" href=\"mailto:Hofgut@bodelshofen.de\">hofgut@bodelshofen.de<\/a>[\/et_pb_cta][\/et_pb_column][\/et_pb_row][\/et_pb_section][et_pb_section fb_built=&#8220;1&#8243; fullwidth=&#8220;on&#8220; _builder_version=&#8220;4.16&#8243; _module_preset=&#8220;default&#8220; global_colors_info=&#8220;{}&#8220;][et_pb_fullwidth_code _builder_version=&#8220;4.16&#8243; _module_preset=&#8220;default&#8220; global_colors_info=&#8220;{}&#8220;]<iframe loading=\"lazy\" style=\"border: 0;\" tabindex=\"0\" src=\"https:\/\/www.google.com\/maps\/embed?pb=!1m14!1m8!1m3!1d4453.461124022137!2d9.40318130444641!3d48.66682807066313!3m2!1i1024!2i768!4f13.1!3m3!1m2!1s0x4799be2e13b9e1b3%3A0xa510dde1c1650bb3!2sVerwaltung%20Hofgut%20Bodelshofen!5e1!3m2!1sde!2sde!4v1594803851534!5m2!1sde!2sde\" width=\"100%\" height=\"600\" frameborder=\"0\" allowfullscreen=\"allowfullscreen\" aria-hidden=\"false\"><\/iframe>[\/et_pb_fullwidth_code][\/et_pb_section]<\/p>\n","protected":false},"excerpt":{"rendered":"<p>Herzlich Willkommen! Das Hofgut Bodelshofen steht f\u00fcr eine historische Reitanlage mit besonderer Kulisse, deren Ursprung aus der Zeit vor dem 17. Jahrhundert stammt. Seit Oktober 2018 ist die Anlage in mehrere verpachtete Bereiche aufgeteilt worden. Hinter dieser Aufteilung steht ein vielf\u00e4ltiges und gleichzeitig individuelles Konzept, in welchem sich jeder Typ Reiter wiederfinden kann. Die Reitanlage [&hellip;]<\/p>\n","protected":false},"author":1,"featured_media":0,"parent":0,"menu_order":0,"comment_status":"closed","ping_status":"closed","template":"","meta":{"_et_pb_use_builder":"on","_et_pb_old_content":"","_et_gb_content_width":""},"_links":{"self":[{"href":"http:\/\/www.hofgut-bodelshofen.de\/index.php?rest_route=\/wp\/v2\/pages\/7"}],"collection":[{"href":"http:\/\/www.hofgut-bodelshofen.de\/index.php?rest_route=\/wp\/v2\/pages"}],"about":[{"href":"http:\/\/www.hofgut-bodelshofen.de\/index.php?rest_route=\/wp\/v2\/types\/page"}],"author":[{"embeddable":true,"href":"http:\/\/www.hofgut-bodelshofen.de\/index.php?rest_route=\/wp\/v2\/users\/1"}],"replies":[{"embeddable":true,"href":"http:\/\/www.hofgut-bodelshofen.de\/index.php?rest_route=%2Fwp%2Fv2%2Fcomments&post=7"}],"version-history":[{"count":74,"href":"http:\/\/www.hofgut-bodelshofen.de\/index.php?rest_route=\/wp\/v2\/pages\/7\/revisions"}],"predecessor-version":[{"id":552,"href":"http:\/\/www.hofgut-bodelshofen.de\/index.php?rest_route=\/wp\/v2\/pages\/7\/revisions\/552"}],"wp:attachment":[{"href":"http:\/\/www.hofgut-bodelshofen.de\/index.php?rest_route=%2Fwp%2Fv2%2Fmedia&parent=7"}],"curies":[{"name":"wp","href":"https:\/\/api.w.org\/{rel}","templated":true}]}}